{"id":1753,"date":"2024-03-18T14:16:03","date_gmt":"2024-03-18T14:16:03","guid":{"rendered":"https:\/\/www.moonlightfiber.com\/?page_id=1753"},"modified":"2024-03-20T11:43:42","modified_gmt":"2024-03-20T11:43:42","slug":"cocuk-oyun-alanlarinda-nelere-dikkat-edilmeli","status":"publish","type":"page","link":"https:\/\/www.moonlightfiber.com\/?page_id=1753","title":{"rendered":"\u00c7ocuk Oyun Alanlar\u0131nda Nelere Dikkat Edilmeli?"},"content":{"rendered":"\t\t<div data-elementor-type=\"wp-page\" data-elementor-id=\"1753\" class=\"elementor elementor-1753\" data-elementor-post-type=\"page\">\n\t\t\t\t\t\t<section class=\"elementor-section elementor-top-section elementor-element elementor-element-6f389068 elementor-section-height-min-height elementor-section-full_width elementor-section-height-default elementor-section-items-middle wpr-particle-no wpr-jarallax-no wpr-parallax-no wpr-sticky-section-no\" data-id=\"6f389068\" data-element_type=\"section\" data-settings=\"{&quot;background_background&quot;:&quot;classic&quot;}\">\n\t\t\t\t\t\t\t<div class=\"elementor-background-overlay\"><\/div>\n\t\t\t\t\t\t\t<div class=\"elementor-container elementor-column-gap-default\">\n\t\t\t\t\t<div class=\"elementor-column elementor-col-100 elementor-top-column elementor-element elementor-element-368c2e61\" data-id=\"368c2e61\" data-element_type=\"column\">\n\t\t\t<div class=\"elementor-widget-wrap elementor-element-populated\">\n\t\t\t\t\t\t<section class=\"elementor-section elementor-inner-section elementor-element elementor-element-3132d94a elementor-section-boxed elementor-section-height-default elementor-section-height-default wpr-particle-no wpr-jarallax-no wpr-parallax-no wpr-sticky-section-no\" data-id=\"3132d94a\" data-element_type=\"section\">\n\t\t\t\t\t\t<div class=\"elementor-container elementor-column-gap-default\">\n\t\t\t\t\t<div class=\"elementor-column elementor-col-100 elementor-inner-column elementor-element elementor-element-1009b3c5\" data-id=\"1009b3c5\" data-element_type=\"column\">\n\t\t\t<div class=\"elementor-widget-wrap elementor-element-populated\">\n\t\t\t\t\t\t<div class=\"elementor-element elementor-element-7356c1a2 elementor-widget elementor-widget-elementskit-heading\" data-id=\"7356c1a2\" data-element_type=\"widget\" data-widget_type=\"elementskit-heading.default\">\n\t\t\t\t<div class=\"elementor-widget-container\">\n\t\t\t<div class=\"ekit-wid-con\" ><div class=\"ekit-heading elementskit-section-title-wraper text_center   ekit_heading_tablet-   ekit_heading_mobile-\"><h2 class=\"ekit-heading--title elementskit-section-title \">\u00c7ocuk Oyun Alanlar\u0131nda Nelere Dikkat Edilmeli?<\/h2><\/div><\/div>\t\t<\/div>\n\t\t\t\t<\/div>\n\t\t\t\t\t<\/div>\n\t\t<\/div>\n\t\t\t\t\t<\/div>\n\t\t<\/section>\n\t\t\t\t\t<\/div>\n\t\t<\/div>\n\t\t\t\t\t<\/div>\n\t\t<\/section>\n\t\t\t\t<section class=\"elementor-section elementor-top-section elementor-element elementor-element-3ad6b360 elementor-section-boxed elementor-section-height-default elementor-section-height-default wpr-particle-no wpr-jarallax-no wpr-parallax-no wpr-sticky-section-no\" data-id=\"3ad6b360\" data-element_type=\"section\" data-settings=\"{&quot;background_background&quot;:&quot;classic&quot;}\">\n\t\t\t\t\t\t<div class=\"elementor-container elementor-column-gap-default\">\n\t\t\t\t\t<div class=\"elementor-column elementor-col-100 elementor-top-column elementor-element elementor-element-7cfdfbf3\" data-id=\"7cfdfbf3\" data-element_type=\"column\">\n\t\t\t<div class=\"elementor-widget-wrap elementor-element-populated\">\n\t\t\t\t\t\t<section class=\"elementor-section elementor-inner-section elementor-element elementor-element-553f090a elementor-section-boxed elementor-section-height-default elementor-section-height-default wpr-particle-no wpr-jarallax-no wpr-parallax-no wpr-sticky-section-no\" data-id=\"553f090a\" data-element_type=\"section\" data-settings=\"{&quot;background_background&quot;:&quot;classic&quot;}\">\n\t\t\t\t\t\t<div class=\"elementor-container elementor-column-gap-default\">\n\t\t\t\t\t<div class=\"elementor-column elementor-col-33 elementor-inner-column elementor-element elementor-element-b767a72\" data-id=\"b767a72\" data-element_type=\"column\">\n\t\t\t<div class=\"elementor-widget-wrap elementor-element-populated\">\n\t\t\t\t\t\t<div class=\"elementor-element elementor-element-3ce4903e ekit-equal-height-enable elementor-widget elementor-widget-elementskit-icon-box\" data-id=\"3ce4903e\" data-element_type=\"widget\" data-widget_type=\"elementskit-icon-box.default\">\n\t\t\t\t<div class=\"elementor-widget-container\">\n\t\t\t<div class=\"ekit-wid-con\" >        <!-- link opening -->\n                <a href=\"#\" class=\"ekit_global_links\">\n                <!-- end link opening -->\n\n        <div class=\"elementskit-infobox text-center text- icon-top-align elementor-animation-   \">\n                    <div class=\"elementskit-box-header elementor-animation-\">\n                <div class=\"elementskit-info-box-icon  \">\n                    <i aria-hidden=\"true\" class=\"elementkit-infobox-icon fasicon icon-tools\"><\/i>\n                <\/div>\n          <\/div>\n                        <div class=\"box-body\">\n                            <h3 class=\"elementskit-info-box-title\">\n                    M\u00fchendislik                <\/h3>\n                                            <\/div>\n        \n        \n                <\/div>\n                <\/a>\n        <\/div>\t\t<\/div>\n\t\t\t\t<\/div>\n\t\t\t\t\t<\/div>\n\t\t<\/div>\n\t\t\t\t<div class=\"elementor-column elementor-col-33 elementor-inner-column elementor-element elementor-element-34454648\" data-id=\"34454648\" data-element_type=\"column\">\n\t\t\t<div class=\"elementor-widget-wrap elementor-element-populated\">\n\t\t\t\t\t\t<div class=\"elementor-element elementor-element-7a05cb60 ekit-equal-height-enable elementor-widget elementor-widget-elementskit-icon-box\" data-id=\"7a05cb60\" data-element_type=\"widget\" data-widget_type=\"elementskit-icon-box.default\">\n\t\t\t\t<div class=\"elementor-widget-container\">\n\t\t\t<div class=\"ekit-wid-con\" >        <!-- link opening -->\n                <a href=\"#\" class=\"ekit_global_links\">\n                <!-- end link opening -->\n\n        <div class=\"elementskit-infobox text-center text- icon-top-align elementor-animation-   \">\n                    <div class=\"elementskit-box-header elementor-animation-\">\n                <div class=\"elementskit-info-box-icon  \">\n                    <i aria-hidden=\"true\" class=\"elementkit-infobox-icon icon icon-settings1\"><\/i>\n                <\/div>\n          <\/div>\n                        <div class=\"box-body\">\n                            <h3 class=\"elementskit-info-box-title\">\n                    AR-GE                <\/h3>\n                                            <\/div>\n        \n        \n                <\/div>\n                <\/a>\n        <\/div>\t\t<\/div>\n\t\t\t\t<\/div>\n\t\t\t\t\t<\/div>\n\t\t<\/div>\n\t\t\t\t<div class=\"elementor-column elementor-col-33 elementor-inner-column elementor-element elementor-element-615e87f6\" data-id=\"615e87f6\" data-element_type=\"column\">\n\t\t\t<div class=\"elementor-widget-wrap elementor-element-populated\">\n\t\t\t\t\t\t<div class=\"elementor-element elementor-element-65f5448b ekit-equal-height-enable elementor-widget elementor-widget-elementskit-icon-box\" data-id=\"65f5448b\" data-element_type=\"widget\" data-widget_type=\"elementskit-icon-box.default\">\n\t\t\t\t<div class=\"elementor-widget-container\">\n\t\t\t<div class=\"ekit-wid-con\" >        <!-- link opening -->\n                <a href=\"#\" class=\"ekit_global_links\">\n                <!-- end link opening -->\n\n        <div class=\"elementskit-infobox text-center text- icon-top-align elementor-animation-   \">\n                    <div class=\"elementskit-box-header elementor-animation-\">\n                <div class=\"elementskit-info-box-icon  \">\n                    <i aria-hidden=\"true\" class=\"elementkit-infobox-icon icon icon-factory\"><\/i>\n                <\/div>\n          <\/div>\n                        <div class=\"box-body\">\n                            <h3 class=\"elementskit-info-box-title\">\n                    \u00dcretim                <\/h3>\n                                            <\/div>\n        \n        \n                <\/div>\n                <\/a>\n        <\/div>\t\t<\/div>\n\t\t\t\t<\/div>\n\t\t\t\t\t<\/div>\n\t\t<\/div>\n\t\t\t\t\t<\/div>\n\t\t<\/section>\n\t\t\t\t\t<\/div>\n\t\t<\/div>\n\t\t\t\t\t<\/div>\n\t\t<\/section>\n\t\t<div class=\"elementor-element elementor-element-fd540e2 e-flex e-con-boxed wpr-particle-no wpr-jarallax-no wpr-parallax-no wpr-sticky-section-no e-con e-parent\" data-id=\"fd540e2\" data-element_type=\"container\">\n\t\t\t\t\t<div class=\"e-con-inner\">\n\t\t\t\t<div class=\"elementor-element elementor-element-80e3523 elementor-widget elementor-widget-text-editor\" data-id=\"80e3523\" data-element_type=\"widget\" data-widget_type=\"text-editor.default\">\n\t\t\t\t<div class=\"elementor-widget-container\">\n\t\t\t\t\t\t\t<p class=\"p1\">\u00c7ocuk Oyun Alanlar\u0131nda G\u00fcvenlik ve Keyif: Nelere Dikkat Edilmeli?<\/p><p class=\"p1\">\u00c7ocuk oyun alanlar\u0131, \u00e7ocuklar\u0131n enerjilerini atmalar\u0131, sosyal becerilerini geli\u015ftirmeleri ve e\u011flenmeleri i\u00e7in \u00f6nemli bir ortamd\u0131r. Ancak, \u00e7ocuklar\u0131n g\u00fcvenli\u011fi ve sa\u011fl\u0131\u011f\u0131 a\u00e7\u0131s\u0131ndan bu alanlar\u0131n do\u011fru \u015fekilde tasarlanmas\u0131 ve bak\u0131m\u0131 b\u00fcy\u00fck \u00f6nem ta\u015f\u0131r. \u0130\u015fte \u00e7ocuk oyun alanlar\u0131nda dikkate al\u0131nmas\u0131 gereken baz\u0131 \u00f6nemli noktalar:<\/p><p class=\"p1\"><b>1. G\u00fcvenlik Y\u00fczeyi:<\/b><\/p><p class=\"p1\">\u00c7ocuklar d\u00fc\u015fmeye kar\u015f\u0131 olduk\u00e7a hassast\u0131r, bu nedenle oyun alan\u0131n\u0131n zemin malzemesi \u00e7ok \u00f6nemlidir. \u015eok emici bir y\u00fczey, \u00e7ocuklar\u0131n d\u00fc\u015ft\u00fc\u011f\u00fcnde yaralanma riskini azalt\u0131r. Kau\u00e7uk d\u00f6\u015feme, \u00f6zel oyun alan\u0131 \u00e7imleri veya yumu\u015fak kum, yayg\u0131n olarak tercih edilen g\u00fcvenli zemin se\u00e7eneklerindendir.<\/p><p class=\"p1\"><b>2. Do\u011fru Ekipman Se\u00e7imi:<\/b><\/p><p class=\"p1\">Oyun alan\u0131na konacak ekipmanlar\u0131n \u00e7ocuklar\u0131n ya\u015flar\u0131na ve beceri d\u00fczeylerine uygun olmas\u0131 \u00e7ok \u00f6nemlidir. Kayd\u0131raklar, sal\u0131ncaklar, t\u0131rmanma yap\u0131lar\u0131 gibi ekipmanlar, \u00e7ocuklar\u0131n geli\u015fimine uygun olmal\u0131 ve g\u00fcvenli bir \u015fekilde kullan\u0131labilmelidir.<\/p><p class=\"p1\"><b>3. Bak\u0131m ve Temizlik:<\/b><\/p><p class=\"p1\">Oyun alan\u0131n\u0131n d\u00fczenli olarak temizlenmesi ve bak\u0131m\u0131n\u0131n yap\u0131lmas\u0131 gereklidir. A\u015f\u0131nm\u0131\u015f veya k\u0131r\u0131k ekipmanlar\u0131n hemen tamir edilmesi, \u00e7ocuklar\u0131n g\u00fcvenli\u011fi i\u00e7in elzemdir. Ayr\u0131ca, oyun alan\u0131n\u0131n d\u00fczenli olarak dezenfekte edilmesi, hijyenik bir ortam\u0131n sa\u011flanmas\u0131 a\u00e7\u0131s\u0131ndan \u00f6nemlidir.<\/p>\t\t\t\t\t\t<\/div>\n\t\t\t\t<\/div>\n\t\t\t\t\t<\/div>\n\t\t\t\t<\/div>\n\t\t\t\t<\/div>\n\t\t","protected":false},"excerpt":{"rendered":"<p>\u00c7ocuk Oyun Alanlar\u0131nda Nelere Dikkat Edilmeli? M\u00fchendislik AR-GE \u00dcretim \u00c7ocuk Oyun Alanlar\u0131nda G\u00fcvenlik ve Keyif: Nelere Dikkat Edilmeli? \u00c7ocuk oyun alanlar\u0131, \u00e7ocuklar\u0131n enerjilerini atmalar\u0131, sosyal becerilerini geli\u015ftirmeleri ve e\u011flenmeleri i\u00e7in \u00f6nemli bir ortamd\u0131r. Ancak, \u00e7ocuklar\u0131n g\u00fcvenli\u011fi ve sa\u011fl\u0131\u011f\u0131 a\u00e7\u0131s\u0131ndan bu alanlar\u0131n do\u011fru \u015fekilde tasarlanmas\u0131 ve bak\u0131m\u0131 b\u00fcy\u00fck \u00f6nem ta\u015f\u0131r. \u0130\u015fte \u00e7ocuk oyun alanlar\u0131nda dikkate al\u0131nmas\u0131 gereken baz\u0131 \u00f6nemli noktalar: 1. G\u00fcvenlik Y\u00fczeyi: \u00c7ocuklar d\u00fc\u015fmeye kar\u015f\u0131 olduk\u00e7a hassast\u0131r, bu nedenle oyun alan\u0131n\u0131n zemin malzemesi \u00e7ok \u00f6nemlidir. \u015eok emici bir y\u00fczey, \u00e7ocuklar\u0131n d\u00fc\u015ft\u00fc\u011f\u00fcnde yaralanma riskini azalt\u0131r. Kau\u00e7uk d\u00f6\u015feme, \u00f6zel oyun alan\u0131 \u00e7imleri veya yumu\u015fak kum, yayg\u0131n olarak tercih edilen g\u00fcvenli zemin se\u00e7eneklerindendir. 2. Do\u011fru Ekipman Se\u00e7imi: Oyun alan\u0131na konacak ekipmanlar\u0131n \u00e7ocuklar\u0131n ya\u015flar\u0131na ve beceri d\u00fczeylerine uygun olmas\u0131 \u00e7ok \u00f6nemlidir. Kayd\u0131raklar, sal\u0131ncaklar, t\u0131rmanma yap\u0131lar\u0131 gibi ekipmanlar, \u00e7ocuklar\u0131n geli\u015fimine uygun olmal\u0131 ve g\u00fcvenli bir \u015fekilde kullan\u0131labilmelidir. 3. Bak\u0131m ve Temizlik: Oyun alan\u0131n\u0131n d\u00fczenli olarak temizlenmesi ve bak\u0131m\u0131n\u0131n yap\u0131lmas\u0131 gereklidir. A\u015f\u0131nm\u0131\u015f veya k\u0131r\u0131k ekipmanlar\u0131n hemen tamir edilmesi, \u00e7ocuklar\u0131n g\u00fcvenli\u011fi i\u00e7in elzemdir. Ayr\u0131ca, oyun alan\u0131n\u0131n d\u00fczenli olarak dezenfekte edilmesi, hijyenik bir ortam\u0131n sa\u011flanmas\u0131 a\u00e7\u0131s\u0131ndan \u00f6nemlidir.<\/p>\n","protected":false},"author":1,"featured_media":0,"parent":0,"menu_order":0,"comment_status":"closed","ping_status":"closed","template":"elementor_header_footer","meta":{"_eb_attr":"","_themeisle_gutenberg_block_has_review":false,"footnotes":""},"class_list":["post-1753","page","type-page","status-publish","hentry"],"_links":{"self":[{"href":"https:\/\/www.moonlightfiber.com\/index.php?rest_route=\/wp\/v2\/pages\/1753","targetHints":{"allow":["GET"]}}],"collection":[{"href":"https:\/\/www.moonlightfiber.com\/index.php?rest_route=\/wp\/v2\/pages"}],"about":[{"href":"https:\/\/www.moonlightfiber.com\/index.php?rest_route=\/wp\/v2\/types\/page"}],"author":[{"embeddable":true,"href":"https:\/\/www.moonlightfiber.com\/index.php?rest_route=\/wp\/v2\/users\/1"}],"replies":[{"embeddable":true,"href":"https:\/\/www.moonlightfiber.com\/index.php?rest_route=%2Fwp%2Fv2%2Fcomments&post=1753"}],"version-history":[{"count":16,"href":"https:\/\/www.moonlightfiber.com\/index.php?rest_route=\/wp\/v2\/pages\/1753\/revisions"}],"predecessor-version":[{"id":1989,"href":"https:\/\/www.moonlightfiber.com\/index.php?rest_route=\/wp\/v2\/pages\/1753\/revisions\/1989"}],"wp:attachment":[{"href":"https:\/\/www.moonlightfiber.com\/index.php?rest_route=%2Fwp%2Fv2%2Fmedia&parent=1753"}],"curies":[{"name":"wp","href":"https:\/\/api.w.org\/{rel}","templated":true}]}}