{"id":1748,"date":"2024-03-18T14:13:50","date_gmt":"2024-03-18T14:13:50","guid":{"rendered":"https:\/\/www.moonlightfiber.com\/?page_id=1748"},"modified":"2024-03-24T13:03:44","modified_gmt":"2024-03-24T13:03:44","slug":"su-parklarinda-guvenligi-nasil-sagliyoruz","status":"publish","type":"page","link":"https:\/\/www.moonlightfiber.com\/?page_id=1748","title":{"rendered":"Su Parklar\u0131nda G\u00fcvenli\u011fi Nas\u0131l Sa\u011fl\u0131yoruz?"},"content":{"rendered":"\t\t<div data-elementor-type=\"wp-page\" data-elementor-id=\"1748\" class=\"elementor elementor-1748\" data-elementor-post-type=\"page\">\n\t\t\t\t\t\t<section class=\"elementor-section elementor-top-section elementor-element elementor-element-6f389068 elementor-section-height-min-height elementor-section-full_width elementor-section-height-default elementor-section-items-middle wpr-particle-no wpr-jarallax-no wpr-parallax-no wpr-sticky-section-no\" data-id=\"6f389068\" data-element_type=\"section\" data-settings=\"{&quot;background_background&quot;:&quot;classic&quot;}\">\n\t\t\t\t\t\t\t<div class=\"elementor-background-overlay\"><\/div>\n\t\t\t\t\t\t\t<div class=\"elementor-container elementor-column-gap-default\">\n\t\t\t\t\t<div class=\"elementor-column elementor-col-100 elementor-top-column elementor-element elementor-element-368c2e61\" data-id=\"368c2e61\" data-element_type=\"column\">\n\t\t\t<div class=\"elementor-widget-wrap elementor-element-populated\">\n\t\t\t\t\t\t<section class=\"elementor-section elementor-inner-section elementor-element elementor-element-3132d94a elementor-section-boxed elementor-section-height-default elementor-section-height-default wpr-particle-no wpr-jarallax-no wpr-parallax-no wpr-sticky-section-no\" data-id=\"3132d94a\" data-element_type=\"section\">\n\t\t\t\t\t\t<div class=\"elementor-container elementor-column-gap-default\">\n\t\t\t\t\t<div class=\"elementor-column elementor-col-100 elementor-inner-column elementor-element elementor-element-1009b3c5\" data-id=\"1009b3c5\" data-element_type=\"column\">\n\t\t\t<div class=\"elementor-widget-wrap elementor-element-populated\">\n\t\t\t\t\t\t<div class=\"elementor-element elementor-element-7356c1a2 elementor-widget elementor-widget-elementskit-heading\" data-id=\"7356c1a2\" data-element_type=\"widget\" data-widget_type=\"elementskit-heading.default\">\n\t\t\t\t<div class=\"elementor-widget-container\">\n\t\t\t<div class=\"ekit-wid-con\" ><div class=\"ekit-heading elementskit-section-title-wraper text_center   ekit_heading_tablet-   ekit_heading_mobile-\"><h2 class=\"ekit-heading--title elementskit-section-title \">Su Parklar\u0131nda G\u00fcvenli\u011fi Nas\u0131l Sa\u011fl\u0131yoruz?<\/h2><\/div><\/div>\t\t<\/div>\n\t\t\t\t<\/div>\n\t\t\t\t\t<\/div>\n\t\t<\/div>\n\t\t\t\t\t<\/div>\n\t\t<\/section>\n\t\t\t\t\t<\/div>\n\t\t<\/div>\n\t\t\t\t\t<\/div>\n\t\t<\/section>\n\t\t\t\t<section class=\"elementor-section elementor-top-section elementor-element elementor-element-2b5ad8d0 elementor-section-boxed elementor-section-height-default elementor-section-height-default wpr-particle-no wpr-jarallax-no wpr-parallax-no wpr-sticky-section-no\" data-id=\"2b5ad8d0\" data-element_type=\"section\" data-settings=\"{&quot;background_background&quot;:&quot;classic&quot;}\">\n\t\t\t\t\t\t<div class=\"elementor-container elementor-column-gap-default\">\n\t\t\t\t\t<div class=\"elementor-column elementor-col-100 elementor-top-column elementor-element elementor-element-70dbae09\" data-id=\"70dbae09\" data-element_type=\"column\">\n\t\t\t<div class=\"elementor-widget-wrap elementor-element-populated\">\n\t\t\t\t\t\t<section class=\"elementor-section elementor-inner-section elementor-element elementor-element-3cc71372 elementor-section-boxed elementor-section-height-default elementor-section-height-default wpr-particle-no wpr-jarallax-no wpr-parallax-no wpr-sticky-section-no\" data-id=\"3cc71372\" data-element_type=\"section\" data-settings=\"{&quot;background_background&quot;:&quot;classic&quot;}\">\n\t\t\t\t\t\t<div class=\"elementor-container elementor-column-gap-default\">\n\t\t\t\t\t<div class=\"elementor-column elementor-col-33 elementor-inner-column elementor-element elementor-element-2e489962\" data-id=\"2e489962\" data-element_type=\"column\">\n\t\t\t<div class=\"elementor-widget-wrap elementor-element-populated\">\n\t\t\t\t\t\t<div class=\"elementor-element elementor-element-70c366f2 ekit-equal-height-enable elementor-widget elementor-widget-elementskit-icon-box\" data-id=\"70c366f2\" data-element_type=\"widget\" data-widget_type=\"elementskit-icon-box.default\">\n\t\t\t\t<div class=\"elementor-widget-container\">\n\t\t\t<div class=\"ekit-wid-con\" >        <!-- link opening -->\n                <a href=\"#\" class=\"ekit_global_links\">\n                <!-- end link opening -->\n\n        <div class=\"elementskit-infobox text-center text- icon-top-align elementor-animation-   \">\n                    <div class=\"elementskit-box-header elementor-animation-\">\n                <div class=\"elementskit-info-box-icon  \">\n                    <i aria-hidden=\"true\" class=\"elementkit-infobox-icon fasicon icon-tools\"><\/i>\n                <\/div>\n          <\/div>\n                        <div class=\"box-body\">\n                            <h3 class=\"elementskit-info-box-title\">\n                    M\u00fchendislik                <\/h3>\n                                            <\/div>\n        \n        \n                <\/div>\n                <\/a>\n        <\/div>\t\t<\/div>\n\t\t\t\t<\/div>\n\t\t\t\t\t<\/div>\n\t\t<\/div>\n\t\t\t\t<div class=\"elementor-column elementor-col-33 elementor-inner-column elementor-element elementor-element-33be2897\" data-id=\"33be2897\" data-element_type=\"column\">\n\t\t\t<div class=\"elementor-widget-wrap elementor-element-populated\">\n\t\t\t\t\t\t<div class=\"elementor-element elementor-element-1a08a160 ekit-equal-height-enable elementor-widget elementor-widget-elementskit-icon-box\" data-id=\"1a08a160\" data-element_type=\"widget\" data-widget_type=\"elementskit-icon-box.default\">\n\t\t\t\t<div class=\"elementor-widget-container\">\n\t\t\t<div class=\"ekit-wid-con\" >        <!-- link opening -->\n                <a href=\"#\" class=\"ekit_global_links\">\n                <!-- end link opening -->\n\n        <div class=\"elementskit-infobox text-center text- icon-top-align elementor-animation-   \">\n                    <div class=\"elementskit-box-header elementor-animation-\">\n                <div class=\"elementskit-info-box-icon  \">\n                    <i aria-hidden=\"true\" class=\"elementkit-infobox-icon icon icon-settings1\"><\/i>\n                <\/div>\n          <\/div>\n                        <div class=\"box-body\">\n                            <h3 class=\"elementskit-info-box-title\">\n                    AR-GE                <\/h3>\n                                            <\/div>\n        \n        \n                <\/div>\n                <\/a>\n        <\/div>\t\t<\/div>\n\t\t\t\t<\/div>\n\t\t\t\t\t<\/div>\n\t\t<\/div>\n\t\t\t\t<div class=\"elementor-column elementor-col-33 elementor-inner-column elementor-element elementor-element-67e734fe\" data-id=\"67e734fe\" data-element_type=\"column\">\n\t\t\t<div class=\"elementor-widget-wrap elementor-element-populated\">\n\t\t\t\t\t\t<div class=\"elementor-element elementor-element-eb994d3 ekit-equal-height-enable elementor-widget elementor-widget-elementskit-icon-box\" data-id=\"eb994d3\" data-element_type=\"widget\" data-widget_type=\"elementskit-icon-box.default\">\n\t\t\t\t<div class=\"elementor-widget-container\">\n\t\t\t<div class=\"ekit-wid-con\" >        <!-- link opening -->\n                <a href=\"#\" class=\"ekit_global_links\">\n                <!-- end link opening -->\n\n        <div class=\"elementskit-infobox text-center text- icon-top-align elementor-animation-   \">\n                    <div class=\"elementskit-box-header elementor-animation-\">\n                <div class=\"elementskit-info-box-icon  \">\n                    <i aria-hidden=\"true\" class=\"elementkit-infobox-icon icon icon-factory\"><\/i>\n                <\/div>\n          <\/div>\n                        <div class=\"box-body\">\n                            <h3 class=\"elementskit-info-box-title\">\n                    \u00dcretim                <\/h3>\n                                            <\/div>\n        \n        \n                <\/div>\n                <\/a>\n        <\/div>\t\t<\/div>\n\t\t\t\t<\/div>\n\t\t\t\t\t<\/div>\n\t\t<\/div>\n\t\t\t\t\t<\/div>\n\t\t<\/section>\n\t\t\t\t\t<\/div>\n\t\t<\/div>\n\t\t\t\t\t<\/div>\n\t\t<\/section>\n\t\t<div class=\"elementor-element elementor-element-fd540e2 e-flex e-con-boxed wpr-particle-no wpr-jarallax-no wpr-parallax-no wpr-sticky-section-no e-con e-parent\" data-id=\"fd540e2\" data-element_type=\"container\">\n\t\t\t\t\t<div class=\"e-con-inner\">\n\t\t\t\t<div class=\"elementor-element elementor-element-80e3523 elementor-widget elementor-widget-text-editor\" data-id=\"80e3523\" data-element_type=\"widget\" data-widget_type=\"text-editor.default\">\n\t\t\t\t<div class=\"elementor-widget-container\">\n\t\t\t\t\t\t\t<p class=\"p1\">Su parklar\u0131nda g\u00fcvenlik, hem ziyaret\u00e7ilerin hem de i\u015fletmecilerin \u00f6ncelikli endi\u015fesidir. Su kayd\u0131raklar\u0131 \u00fcreticileri olarak, g\u00fcvenli\u011fi sa\u011flamak ve su parklar\u0131n\u0131n g\u00fcvenli bir \u015fekilde i\u015fletilmesini desteklemek i\u00e7in \u00e7e\u015fitli stratejiler ve teknolojiler kullan\u0131yoruz. \u0130\u015fte su parklar\u0131nda g\u00fcvenli\u011fi sa\u011flamak i\u00e7in uygulad\u0131\u011f\u0131m\u0131z y\u00f6ntemler:<\/p><p class=\"p1\"><b>1. Kaliteli Malzemeler ve Tasar\u0131m:<\/b> Su kayd\u0131raklar\u0131n\u0131n ve tesislerin kalitesi ve g\u00fcvenli\u011fi, kullan\u0131lan malzemelerin kalitesi ile do\u011frudan ili\u015fkilidir. Biz, en son teknolojiye sahip malzemeleri kullanarak dayan\u0131kl\u0131 ve g\u00fcvenli su kayd\u0131raklar\u0131 tasarl\u0131yoruz. Ayr\u0131ca, her bir tasar\u0131m\u0131, g\u00fcvenlik standartlar\u0131na uygun olarak detayl\u0131 bir \u015fekilde inceliyoruz.<\/p><p class=\"p1\"><b>2. Profesyonel Tasar\u0131m ve M\u00fchendislik:<\/b> Su parklar\u0131 ve su kayd\u0131raklar\u0131, profesyonel m\u00fchendisler ve tasar\u0131mc\u0131lar taraf\u0131ndan \u00f6zenle planlanmal\u0131d\u0131r. Biz, uzman ekiplerimizle birlikte her proje i\u00e7in detayl\u0131 bir risk de\u011ferlendirmesi yapar\u0131z ve tasar\u0131mlar\u0131m\u0131z\u0131 en \u00fcst d\u00fczeyde g\u00fcvenlik sa\u011flayacak \u015fekilde optimize ederiz.<\/p><p class=\"p1\"><b>3. S\u00fcrekli Bak\u0131m ve Denetim:<\/b> Su parklar\u0131nda g\u00fcvenli\u011fi sa\u011flaman\u0131n \u00f6nemli bir yolu, tesislerin ve kayd\u0131raklar\u0131n d\u00fczenli bak\u0131m ve denetimden ge\u00e7irilmesidir. \u00dcretici olarak, sundu\u011fumuz su kayd\u0131raklar\u0131 ve tesisler i\u00e7in periyodik bak\u0131m ve denetim programlar\u0131 geli\u015ftiririz. Bu sayede potansiyel risklerin \u00f6nceden tespit edilmesi ve giderilmesi sa\u011flan\u0131r.<\/p><p class=\"p1\"><b>4. E\u011fitim ve Talimatlar:<\/b> Su parklar\u0131nda \u00e7al\u0131\u015fan personelin e\u011fitimi ve bilin\u00e7lendirilmesi de \u00f6nemlidir. \u00dcreticiler olarak, su park\u0131 i\u015fletmecilerine ve personeline g\u00fcvenlik konusunda e\u011fitim ve talimatlar sa\u011flar\u0131z. Bu e\u011fitimler, acil durum prosed\u00fcrleri, su g\u00fcvenli\u011fi protokolleri ve ziyaret\u00e7ilerle etkile\u015fim konular\u0131n\u0131 kapsar.<\/p><p class=\"p1\"><b>5. Teknolojik \u0130lerlemelerin Kullan\u0131m\u0131:<\/b> G\u00fcvenlik teknolojilerindeki ilerlemeleri yak\u0131ndan takip ediyor ve bu teknolojileri su parklar\u0131n\u0131n g\u00fcvenli\u011fini art\u0131rmak i\u00e7in kullan\u0131yoruz. \u00d6rne\u011fin, ak\u0131ll\u0131 sens\u00f6rler, kamera sistemleri ve otomatik kurtarma sistemleri gibi teknolojiler, g\u00fcvenlik standartlar\u0131n\u0131 daha da y\u00fckseltmemize yard\u0131mc\u0131 olur.<\/p><p class=\"p1\"><b>6. \u0130\u015fbirli\u011fi ve End\u00fcstri Standartlar\u0131na Uygunluk:<\/b> Su park\u0131 end\u00fcstrisi, uluslararas\u0131 g\u00fcvenlik standartlar\u0131na uygun \u015fekilde faaliyet g\u00f6stermelidir. Biz, di\u011fer end\u00fcstri payda\u015flar\u0131yla i\u015fbirli\u011fi yaparak g\u00fcvenlik standartlar\u0131n\u0131 belirlemeye ve geli\u015ftirmeye katk\u0131da bulunuruz. Ayr\u0131ca, t\u00fcm \u00fcr\u00fcnlerimizi ve hizmetlerimizi ilgili mevzuata ve standartlara uygun olarak \u00fcretiriz.<\/p><p class=\"p1\">Su parklar\u0131nda g\u00fcvenli\u011fi sa\u011flamak, hem ziyaret\u00e7ilerin hem de i\u015fletmecilerin memnuniyetini ve g\u00fcvenini art\u0131r\u0131r. Bu nedenle, su park\u0131 ve su kayd\u0131raklar\u0131 \u00fcreticileri olarak, g\u00fcvenlik konusuna b\u00fcy\u00fck \u00f6nem veriyor ve s\u00fcrekli olarak en iyi uygulamalar\u0131 takip etmeye \u00e7al\u0131\u015f\u0131yoruz.<\/p>\t\t\t\t\t\t<\/div>\n\t\t\t\t<\/div>\n\t\t\t\t\t<\/div>\n\t\t\t\t<\/div>\n\t\t\t\t<\/div>\n\t\t","protected":false},"excerpt":{"rendered":"<p>Su Parklar\u0131nda G\u00fcvenli\u011fi Nas\u0131l Sa\u011fl\u0131yoruz? M\u00fchendislik AR-GE \u00dcretim Su parklar\u0131nda g\u00fcvenlik, hem ziyaret\u00e7ilerin hem de i\u015fletmecilerin \u00f6ncelikli endi\u015fesidir. Su kayd\u0131raklar\u0131 \u00fcreticileri olarak, g\u00fcvenli\u011fi sa\u011flamak ve su parklar\u0131n\u0131n g\u00fcvenli bir \u015fekilde i\u015fletilmesini desteklemek i\u00e7in \u00e7e\u015fitli stratejiler ve teknolojiler kullan\u0131yoruz. \u0130\u015fte su parklar\u0131nda g\u00fcvenli\u011fi sa\u011flamak i\u00e7in uygulad\u0131\u011f\u0131m\u0131z y\u00f6ntemler: 1. Kaliteli Malzemeler ve Tasar\u0131m: Su kayd\u0131raklar\u0131n\u0131n ve tesislerin kalitesi ve g\u00fcvenli\u011fi, kullan\u0131lan malzemelerin kalitesi ile do\u011frudan ili\u015fkilidir. Biz, en son teknolojiye sahip malzemeleri kullanarak dayan\u0131kl\u0131 ve g\u00fcvenli su kayd\u0131raklar\u0131 tasarl\u0131yoruz. Ayr\u0131ca, her bir tasar\u0131m\u0131, g\u00fcvenlik standartlar\u0131na uygun olarak detayl\u0131 bir \u015fekilde inceliyoruz. 2. Profesyonel Tasar\u0131m ve M\u00fchendislik: Su parklar\u0131 ve su kayd\u0131raklar\u0131, profesyonel m\u00fchendisler ve tasar\u0131mc\u0131lar taraf\u0131ndan \u00f6zenle planlanmal\u0131d\u0131r. Biz, uzman ekiplerimizle birlikte her proje i\u00e7in detayl\u0131 bir risk de\u011ferlendirmesi yapar\u0131z ve tasar\u0131mlar\u0131m\u0131z\u0131 en \u00fcst d\u00fczeyde g\u00fcvenlik sa\u011flayacak \u015fekilde optimize ederiz. 3. S\u00fcrekli Bak\u0131m ve Denetim: Su parklar\u0131nda g\u00fcvenli\u011fi sa\u011flaman\u0131n \u00f6nemli bir yolu, tesislerin ve kayd\u0131raklar\u0131n d\u00fczenli bak\u0131m ve denetimden ge\u00e7irilmesidir. \u00dcretici olarak, sundu\u011fumuz su kayd\u0131raklar\u0131 ve tesisler i\u00e7in periyodik bak\u0131m ve denetim programlar\u0131 geli\u015ftiririz. Bu sayede potansiyel risklerin \u00f6nceden tespit edilmesi ve giderilmesi sa\u011flan\u0131r. 4. E\u011fitim ve Talimatlar: Su parklar\u0131nda \u00e7al\u0131\u015fan personelin e\u011fitimi ve bilin\u00e7lendirilmesi de \u00f6nemlidir. \u00dcreticiler olarak, su park\u0131 i\u015fletmecilerine ve personeline g\u00fcvenlik konusunda e\u011fitim ve talimatlar sa\u011flar\u0131z. Bu e\u011fitimler, acil durum prosed\u00fcrleri, su g\u00fcvenli\u011fi protokolleri ve ziyaret\u00e7ilerle etkile\u015fim konular\u0131n\u0131 kapsar. 5. Teknolojik \u0130lerlemelerin Kullan\u0131m\u0131: G\u00fcvenlik teknolojilerindeki ilerlemeleri yak\u0131ndan takip ediyor ve bu teknolojileri su parklar\u0131n\u0131n g\u00fcvenli\u011fini art\u0131rmak i\u00e7in kullan\u0131yoruz. \u00d6rne\u011fin, ak\u0131ll\u0131 sens\u00f6rler, kamera sistemleri ve otomatik kurtarma sistemleri gibi teknolojiler, g\u00fcvenlik standartlar\u0131n\u0131 daha da y\u00fckseltmemize yard\u0131mc\u0131 olur. 6. \u0130\u015fbirli\u011fi ve End\u00fcstri Standartlar\u0131na Uygunluk: Su park\u0131 end\u00fcstrisi, uluslararas\u0131 g\u00fcvenlik standartlar\u0131na uygun \u015fekilde faaliyet g\u00f6stermelidir. Biz, di\u011fer end\u00fcstri payda\u015flar\u0131yla i\u015fbirli\u011fi yaparak g\u00fcvenlik standartlar\u0131n\u0131 belirlemeye ve geli\u015ftirmeye katk\u0131da bulunuruz. Ayr\u0131ca, t\u00fcm \u00fcr\u00fcnlerimizi ve hizmetlerimizi ilgili mevzuata ve standartlara uygun olarak \u00fcretiriz. Su parklar\u0131nda g\u00fcvenli\u011fi sa\u011flamak, hem ziyaret\u00e7ilerin hem de i\u015fletmecilerin memnuniyetini ve g\u00fcvenini art\u0131r\u0131r. Bu nedenle, su park\u0131 ve su kayd\u0131raklar\u0131 \u00fcreticileri olarak, g\u00fcvenlik konusuna b\u00fcy\u00fck \u00f6nem veriyor ve s\u00fcrekli olarak en iyi uygulamalar\u0131 takip etmeye \u00e7al\u0131\u015f\u0131yoruz.<\/p>\n","protected":false},"author":1,"featured_media":0,"parent":0,"menu_order":0,"comment_status":"closed","ping_status":"closed","template":"elementor_header_footer","meta":{"_eb_attr":"","_themeisle_gutenberg_block_has_review":false,"footnotes":""},"class_list":["post-1748","page","type-page","status-publish","hentry"],"_links":{"self":[{"href":"https:\/\/www.moonlightfiber.com\/index.php?rest_route=\/wp\/v2\/pages\/1748","targetHints":{"allow":["GET"]}}],"collection":[{"href":"https:\/\/www.moonlightfiber.com\/index.php?rest_route=\/wp\/v2\/pages"}],"about":[{"href":"https:\/\/www.moonlightfiber.com\/index.php?rest_route=\/wp\/v2\/types\/page"}],"author":[{"embeddable":true,"href":"https:\/\/www.moonlightfiber.com\/index.php?rest_route=\/wp\/v2\/users\/1"}],"replies":[{"embeddable":true,"href":"https:\/\/www.moonlightfiber.com\/index.php?rest_route=%2Fwp%2Fv2%2Fcomments&post=1748"}],"version-history":[{"count":10,"href":"https:\/\/www.moonlightfiber.com\/index.php?rest_route=\/wp\/v2\/pages\/1748\/revisions"}],"predecessor-version":[{"id":2017,"href":"https:\/\/www.moonlightfiber.com\/index.php?rest_route=\/wp\/v2\/pages\/1748\/revisions\/2017"}],"wp:attachment":[{"href":"https:\/\/www.moonlightfiber.com\/index.php?rest_route=%2Fwp%2Fv2%2Fmedia&parent=1748"}],"curies":[{"name":"wp","href":"https:\/\/api.w.org\/{rel}","templated":true}]}}