{"id":1698,"date":"2024-03-18T13:49:39","date_gmt":"2024-03-18T13:49:39","guid":{"rendered":"https:\/\/www.moonlightfiber.com\/?page_id=1698"},"modified":"2024-04-01T11:40:15","modified_gmt":"2024-04-01T11:40:15","slug":"blog","status":"publish","type":"page","link":"http:\/\/www.moonlightfiber.com\/?page_id=1698","title":{"rendered":"Blog"},"content":{"rendered":"\t\t<div data-elementor-type=\"wp-page\" data-elementor-id=\"1698\" class=\"elementor elementor-1698\" data-elementor-post-type=\"page\">\n\t\t\t\t\t\t<section class=\"elementor-section elementor-top-section elementor-element elementor-element-6f389068 elementor-section-height-min-height elementor-section-full_width elementor-section-height-default elementor-section-items-middle wpr-particle-no wpr-jarallax-no wpr-parallax-no wpr-sticky-section-no\" data-id=\"6f389068\" data-element_type=\"section\" data-settings=\"{&quot;background_background&quot;:&quot;classic&quot;}\">\n\t\t\t\t\t\t\t<div class=\"elementor-background-overlay\"><\/div>\n\t\t\t\t\t\t\t<div class=\"elementor-container elementor-column-gap-default\">\n\t\t\t\t\t<div class=\"elementor-column elementor-col-100 elementor-top-column elementor-element elementor-element-368c2e61\" data-id=\"368c2e61\" data-element_type=\"column\">\n\t\t\t<div class=\"elementor-widget-wrap elementor-element-populated\">\n\t\t\t\t\t\t<section class=\"elementor-section elementor-inner-section elementor-element elementor-element-3132d94a elementor-section-boxed elementor-section-height-default elementor-section-height-default wpr-particle-no wpr-jarallax-no wpr-parallax-no wpr-sticky-section-no\" data-id=\"3132d94a\" data-element_type=\"section\">\n\t\t\t\t\t\t<div class=\"elementor-container elementor-column-gap-default\">\n\t\t\t\t\t<div class=\"elementor-column elementor-col-100 elementor-inner-column elementor-element elementor-element-1009b3c5\" data-id=\"1009b3c5\" data-element_type=\"column\">\n\t\t\t<div class=\"elementor-widget-wrap elementor-element-populated\">\n\t\t\t\t\t\t<div class=\"elementor-element elementor-element-7356c1a2 elementor-widget elementor-widget-elementskit-heading\" data-id=\"7356c1a2\" data-element_type=\"widget\" data-widget_type=\"elementskit-heading.default\">\n\t\t\t\t<div class=\"elementor-widget-container\">\n\t\t\t<div class=\"ekit-wid-con\" ><div class=\"ekit-heading elementskit-section-title-wraper text_center   ekit_heading_tablet-   ekit_heading_mobile-\"><h2 class=\"ekit-heading--title elementskit-section-title \">Blog<\/h2><\/div><\/div>\t\t<\/div>\n\t\t\t\t<\/div>\n\t\t\t\t\t<\/div>\n\t\t<\/div>\n\t\t\t\t\t<\/div>\n\t\t<\/section>\n\t\t\t\t\t<\/div>\n\t\t<\/div>\n\t\t\t\t\t<\/div>\n\t\t<\/section>\n\t\t\t\t<section class=\"elementor-section elementor-top-section elementor-element elementor-element-75c9a817 elementor-section-boxed elementor-section-height-default elementor-section-height-default wpr-particle-no wpr-jarallax-no wpr-parallax-no wpr-sticky-section-no\" data-id=\"75c9a817\" data-element_type=\"section\" data-settings=\"{&quot;background_background&quot;:&quot;classic&quot;}\">\n\t\t\t\t\t\t<div class=\"elementor-container elementor-column-gap-default\">\n\t\t\t\t\t<div class=\"elementor-column elementor-col-100 elementor-top-column elementor-element elementor-element-51185e19\" data-id=\"51185e19\" data-element_type=\"column\">\n\t\t\t<div class=\"elementor-widget-wrap elementor-element-populated\">\n\t\t\t\t\t\t<section class=\"elementor-section elementor-inner-section elementor-element elementor-element-66b5fcee elementor-section-boxed elementor-section-height-default elementor-section-height-default wpr-particle-no wpr-jarallax-no wpr-parallax-no wpr-sticky-section-no\" data-id=\"66b5fcee\" data-element_type=\"section\" data-settings=\"{&quot;background_background&quot;:&quot;classic&quot;}\">\n\t\t\t\t\t\t<div class=\"elementor-container elementor-column-gap-default\">\n\t\t\t\t\t<div class=\"elementor-column elementor-col-33 elementor-inner-column elementor-element elementor-element-3898bec2\" data-id=\"3898bec2\" data-element_type=\"column\">\n\t\t\t<div class=\"elementor-widget-wrap elementor-element-populated\">\n\t\t\t\t\t\t<div class=\"elementor-element elementor-element-ffc4410 ekit-equal-height-enable elementor-widget elementor-widget-elementskit-icon-box\" data-id=\"ffc4410\" data-element_type=\"widget\" data-widget_type=\"elementskit-icon-box.default\">\n\t\t\t\t<div class=\"elementor-widget-container\">\n\t\t\t<div class=\"ekit-wid-con\" >        <!-- link opening -->\n                <a href=\"#\" class=\"ekit_global_links\">\n                <!-- end link opening -->\n\n        <div class=\"elementskit-infobox text-center text- icon-top-align elementor-animation-   \">\n                    <div class=\"elementskit-box-header elementor-animation-\">\n                <div class=\"elementskit-info-box-icon  \">\n                    <i aria-hidden=\"true\" class=\"elementkit-infobox-icon fasicon icon-tools\"><\/i>\n                <\/div>\n          <\/div>\n                        <div class=\"box-body\">\n                            <h3 class=\"elementskit-info-box-title\">\n                    M\u00fchendislik                <\/h3>\n                                            <\/div>\n        \n        \n                <\/div>\n                <\/a>\n        <\/div>\t\t<\/div>\n\t\t\t\t<\/div>\n\t\t\t\t\t<\/div>\n\t\t<\/div>\n\t\t\t\t<div class=\"elementor-column elementor-col-33 elementor-inner-column elementor-element elementor-element-2b8a0324\" data-id=\"2b8a0324\" data-element_type=\"column\">\n\t\t\t<div class=\"elementor-widget-wrap elementor-element-populated\">\n\t\t\t\t\t\t<div class=\"elementor-element elementor-element-781d6242 ekit-equal-height-enable elementor-widget elementor-widget-elementskit-icon-box\" data-id=\"781d6242\" data-element_type=\"widget\" data-widget_type=\"elementskit-icon-box.default\">\n\t\t\t\t<div class=\"elementor-widget-container\">\n\t\t\t<div class=\"ekit-wid-con\" >        <!-- link opening -->\n                <a href=\"#\" class=\"ekit_global_links\">\n                <!-- end link opening -->\n\n        <div class=\"elementskit-infobox text-center text- icon-top-align elementor-animation-   \">\n                    <div class=\"elementskit-box-header elementor-animation-\">\n                <div class=\"elementskit-info-box-icon  \">\n                    <i aria-hidden=\"true\" class=\"elementkit-infobox-icon icon icon-settings1\"><\/i>\n                <\/div>\n          <\/div>\n                        <div class=\"box-body\">\n                            <h3 class=\"elementskit-info-box-title\">\n                    AR-GE                <\/h3>\n                                            <\/div>\n        \n        \n                <\/div>\n                <\/a>\n        <\/div>\t\t<\/div>\n\t\t\t\t<\/div>\n\t\t\t\t\t<\/div>\n\t\t<\/div>\n\t\t\t\t<div class=\"elementor-column elementor-col-33 elementor-inner-column elementor-element elementor-element-1bab5873\" data-id=\"1bab5873\" data-element_type=\"column\">\n\t\t\t<div class=\"elementor-widget-wrap elementor-element-populated\">\n\t\t\t\t\t\t<div class=\"elementor-element elementor-element-63c4333f ekit-equal-height-enable elementor-widget elementor-widget-elementskit-icon-box\" data-id=\"63c4333f\" data-element_type=\"widget\" data-widget_type=\"elementskit-icon-box.default\">\n\t\t\t\t<div class=\"elementor-widget-container\">\n\t\t\t<div class=\"ekit-wid-con\" >        <!-- link opening -->\n                <a href=\"#\" class=\"ekit_global_links\">\n                <!-- end link opening -->\n\n        <div class=\"elementskit-infobox text-center text- icon-top-align elementor-animation-   \">\n                    <div class=\"elementskit-box-header elementor-animation-\">\n                <div class=\"elementskit-info-box-icon  \">\n                    <i aria-hidden=\"true\" class=\"elementkit-infobox-icon icon icon-factory\"><\/i>\n                <\/div>\n          <\/div>\n                        <div class=\"box-body\">\n                            <h3 class=\"elementskit-info-box-title\">\n                    \u00dcretim                <\/h3>\n                                            <\/div>\n        \n        \n                <\/div>\n                <\/a>\n        <\/div>\t\t<\/div>\n\t\t\t\t<\/div>\n\t\t\t\t\t<\/div>\n\t\t<\/div>\n\t\t\t\t\t<\/div>\n\t\t<\/section>\n\t\t\t\t\t<\/div>\n\t\t<\/div>\n\t\t\t\t\t<\/div>\n\t\t<\/section>\n\t\t\t\t<section class=\"elementor-section elementor-top-section elementor-element elementor-element-2b5df7c9 elementor-section-boxed elementor-section-height-default elementor-section-height-default wpr-particle-no wpr-jarallax-no wpr-parallax-no wpr-sticky-section-no\" data-id=\"2b5df7c9\" data-element_type=\"section\">\n\t\t\t\t\t\t<div class=\"elementor-container elementor-column-gap-default\">\n\t\t\t\t\t<div class=\"elementor-column elementor-col-100 elementor-top-column elementor-element elementor-element-58476301\" data-id=\"58476301\" data-element_type=\"column\">\n\t\t\t<div class=\"elementor-widget-wrap elementor-element-populated\">\n\t\t\t\t\t\t<section class=\"elementor-section elementor-inner-section elementor-element elementor-element-34384b55 elementor-section-boxed elementor-section-height-default elementor-section-height-default wpr-particle-no wpr-jarallax-no wpr-parallax-no wpr-sticky-section-no\" data-id=\"34384b55\" data-element_type=\"section\">\n\t\t\t\t\t\t<div class=\"elementor-container elementor-column-gap-default\">\n\t\t\t\t\t<div class=\"elementor-column elementor-col-33 elementor-inner-column elementor-element elementor-element-16e53085\" data-id=\"16e53085\" data-element_type=\"column\">\n\t\t\t<div class=\"elementor-widget-wrap elementor-element-populated\">\n\t\t\t\t\t\t<div class=\"elementor-element elementor-element-8fd646e elementor-widget elementor-widget-image\" data-id=\"8fd646e\" data-element_type=\"widget\" data-widget_type=\"image.default\">\n\t\t\t\t<div class=\"elementor-widget-container\">\n\t\t\t\t\t\t\t\t\t\t\t\t\t\t<a href=\"https:\/\/www.moonlightfiber.com\/?page_id=1748\">\n\t\t\t\t\t\t\t<img fetchpriority=\"high\" decoding=\"async\" width=\"800\" height=\"450\" src=\"http:\/\/www.moonlightfiber.com\/wp-content\/uploads\/2024\/03\/su-parklari-guvenligi-1024x576.jpg\" class=\"attachment-large size-large wp-image-1703\" alt=\"\" srcset=\"http:\/\/www.moonlightfiber.com\/wp-content\/uploads\/2024\/03\/su-parklari-guvenligi-1024x576.jpg 1024w, http:\/\/www.moonlightfiber.com\/wp-content\/uploads\/2024\/03\/su-parklari-guvenligi-300x169.jpg 300w, http:\/\/www.moonlightfiber.com\/wp-content\/uploads\/2024\/03\/su-parklari-guvenligi-768x432.jpg 768w, http:\/\/www.moonlightfiber.com\/wp-content\/uploads\/2024\/03\/su-parklari-guvenligi-1536x864.jpg 1536w, http:\/\/www.moonlightfiber.com\/wp-content\/uploads\/2024\/03\/su-parklari-guvenligi-2048x1152.jpg 2048w\" sizes=\"(max-width: 800px) 100vw, 800px\" \/>\t\t\t\t\t\t\t\t<\/a>\n\t\t\t\t\t\t\t\t\t\t\t\t\t<\/div>\n\t\t\t\t<\/div>\n\t\t\t\t<div class=\"elementor-element elementor-element-3122c959 elementor-widget elementor-widget-heading\" data-id=\"3122c959\" data-element_type=\"widget\" data-widget_type=\"heading.default\">\n\t\t\t\t<div class=\"elementor-widget-container\">\n\t\t\t<h2 class=\"elementor-heading-title elementor-size-default\"><a href=\"https:\/\/www.moonlightfiber.com\/?page_id=1748\">Su Parklar\u0131nda G\u00fcvenli\u011fi Nas\u0131l Sa\u011fl\u0131yoruz?<\/a><\/h2>\t\t<\/div>\n\t\t\t\t<\/div>\n\t\t\t\t<div class=\"elementor-element elementor-element-1577f1be elementor-widget elementor-widget-text-editor\" data-id=\"1577f1be\" data-element_type=\"widget\" data-widget_type=\"text-editor.default\">\n\t\t\t\t<div class=\"elementor-widget-container\">\n\t\t\t\t\t\t\t<p class=\"p1\">Su parklar\u0131nda g\u00fcvenlik, hem ziyaret\u00e7ilerin hem de i\u015fletmecilerin \u00f6ncelikli endi\u015fesidir. Su kayd\u0131raklar\u0131 \u00fcreticileri olarak, g\u00fcvenli\u011fi sa\u011flamak ve su parklar\u0131n\u0131n g\u00fcvenli bir \u015fekilde i\u015fletilmesini desteklemek i\u00e7in \u00e7e\u015fitli stratejiler ve teknolojiler kullan\u0131yoruz.<\/p>\t\t\t\t\t\t<\/div>\n\t\t\t\t<\/div>\n\t\t\t\t\t<\/div>\n\t\t<\/div>\n\t\t\t\t<div class=\"elementor-column elementor-col-33 elementor-inner-column elementor-element elementor-element-55f4edea\" data-id=\"55f4edea\" data-element_type=\"column\">\n\t\t\t<div class=\"elementor-widget-wrap elementor-element-populated\">\n\t\t\t\t\t\t<div class=\"elementor-element elementor-element-31feb5cd elementor-widget elementor-widget-image\" data-id=\"31feb5cd\" data-element_type=\"widget\" data-widget_type=\"image.default\">\n\t\t\t\t<div class=\"elementor-widget-container\">\n\t\t\t\t\t\t\t\t\t\t\t\t\t\t<a href=\"https:\/\/www.moonlightfiber.com\/?page_id=1753\">\n\t\t\t\t\t\t\t<img decoding=\"async\" width=\"800\" height=\"450\" src=\"http:\/\/www.moonlightfiber.com\/wp-content\/uploads\/2024\/03\/cocuk-oyunlarinde-dikkat-1024x576.jpg\" class=\"attachment-large size-large wp-image-1704\" alt=\"\" srcset=\"http:\/\/www.moonlightfiber.com\/wp-content\/uploads\/2024\/03\/cocuk-oyunlarinde-dikkat-1024x576.jpg 1024w, http:\/\/www.moonlightfiber.com\/wp-content\/uploads\/2024\/03\/cocuk-oyunlarinde-dikkat-300x169.jpg 300w, http:\/\/www.moonlightfiber.com\/wp-content\/uploads\/2024\/03\/cocuk-oyunlarinde-dikkat-768x432.jpg 768w, http:\/\/www.moonlightfiber.com\/wp-content\/uploads\/2024\/03\/cocuk-oyunlarinde-dikkat-1536x864.jpg 1536w, http:\/\/www.moonlightfiber.com\/wp-content\/uploads\/2024\/03\/cocuk-oyunlarinde-dikkat-2048x1152.jpg 2048w\" sizes=\"(max-width: 800px) 100vw, 800px\" \/>\t\t\t\t\t\t\t\t<\/a>\n\t\t\t\t\t\t\t\t\t\t\t\t\t<\/div>\n\t\t\t\t<\/div>\n\t\t\t\t<div class=\"elementor-element elementor-element-9414787 elementor-widget elementor-widget-heading\" data-id=\"9414787\" data-element_type=\"widget\" data-widget_type=\"heading.default\">\n\t\t\t\t<div class=\"elementor-widget-container\">\n\t\t\t<h2 class=\"elementor-heading-title elementor-size-default\"><a href=\"https:\/\/www.moonlightfiber.com\/?page_id=1753\">\u00c7ocuk Oyun Alanlar\u0131nda Nelere Dikkat Edilmeli?<\/a><\/h2>\t\t<\/div>\n\t\t\t\t<\/div>\n\t\t\t\t<div class=\"elementor-element elementor-element-16603531 elementor-widget elementor-widget-text-editor\" data-id=\"16603531\" data-element_type=\"widget\" data-widget_type=\"text-editor.default\">\n\t\t\t\t<div class=\"elementor-widget-container\">\n\t\t\t\t\t\t\t<p class=\"p1\">\u00c7ocuk oyun alanlar\u0131, \u00e7ocuklar\u0131n enerjilerini atmalar\u0131, sosyal becerilerini geli\u015ftirmeleri ve e\u011flenmeleri i\u00e7in \u00f6nemli bir ortamd\u0131r. Ancak, \u00e7ocuklar\u0131n g\u00fcvenli\u011fi ve sa\u011fl\u0131\u011f\u0131 a\u00e7\u0131s\u0131ndan bu alanlar\u0131n do\u011fru \u015fekilde tasarlanmas\u0131 ve bak\u0131m\u0131 b\u00fcy\u00fck \u00f6nem ta\u015f\u0131r.<\/p>\t\t\t\t\t\t<\/div>\n\t\t\t\t<\/div>\n\t\t\t\t\t<\/div>\n\t\t<\/div>\n\t\t\t\t<div class=\"elementor-column elementor-col-33 elementor-inner-column elementor-element elementor-element-5018c1a\" data-id=\"5018c1a\" data-element_type=\"column\">\n\t\t\t<div class=\"elementor-widget-wrap elementor-element-populated\">\n\t\t\t\t\t\t<div class=\"elementor-element elementor-element-2ad43999 elementor-widget elementor-widget-image\" data-id=\"2ad43999\" data-element_type=\"widget\" data-widget_type=\"image.default\">\n\t\t\t\t<div class=\"elementor-widget-container\">\n\t\t\t\t\t\t\t\t\t\t\t\t\t\t<a href=\"https:\/\/www.moonlightfiber.com\/?page_id=1710\">\n\t\t\t\t\t\t\t<img decoding=\"async\" width=\"800\" height=\"450\" src=\"http:\/\/www.moonlightfiber.com\/wp-content\/uploads\/2024\/03\/su-parki-uretimi-1024x576.jpg\" class=\"attachment-large size-large wp-image-1705\" alt=\"\" srcset=\"http:\/\/www.moonlightfiber.com\/wp-content\/uploads\/2024\/03\/su-parki-uretimi-1024x576.jpg 1024w, http:\/\/www.moonlightfiber.com\/wp-content\/uploads\/2024\/03\/su-parki-uretimi-300x169.jpg 300w, http:\/\/www.moonlightfiber.com\/wp-content\/uploads\/2024\/03\/su-parki-uretimi-768x432.jpg 768w, http:\/\/www.moonlightfiber.com\/wp-content\/uploads\/2024\/03\/su-parki-uretimi-1536x864.jpg 1536w, http:\/\/www.moonlightfiber.com\/wp-content\/uploads\/2024\/03\/su-parki-uretimi-2048x1152.jpg 2048w\" sizes=\"(max-width: 800px) 100vw, 800px\" \/>\t\t\t\t\t\t\t\t<\/a>\n\t\t\t\t\t\t\t\t\t\t\t\t\t<\/div>\n\t\t\t\t<\/div>\n\t\t\t\t<div class=\"elementor-element elementor-element-463824fe elementor-widget elementor-widget-heading\" data-id=\"463824fe\" data-element_type=\"widget\" data-widget_type=\"heading.default\">\n\t\t\t\t<div class=\"elementor-widget-container\">\n\t\t\t<h2 class=\"elementor-heading-title elementor-size-default\"><a href=\"https:\/\/www.moonlightfiber.com\/?page_id=1710\">Su Kayd\u0131ra\u011f\u0131 \u00dcretiminde Nelere Dikkat Edilmeli?<\/a><\/h2>\t\t<\/div>\n\t\t\t\t<\/div>\n\t\t\t\t<div class=\"elementor-element elementor-element-5d435160 elementor-widget elementor-widget-text-editor\" data-id=\"5d435160\" data-element_type=\"widget\" data-widget_type=\"text-editor.default\">\n\t\t\t\t<div class=\"elementor-widget-container\">\n\t\t\t\t\t\t\t<p class=\"p1\">Su kayd\u0131ra\u011f\u0131 \u00fcretimi, g\u00fcvenlik, dayan\u0131kl\u0131l\u0131k, estetik ve kullan\u0131c\u0131 deneyimi gibi bir\u00e7ok \u00f6nemli fakt\u00f6r\u00fc i\u00e7erir<\/p>\t\t\t\t\t\t<\/div>\n\t\t\t\t<\/div>\n\t\t\t\t\t<\/div>\n\t\t<\/div>\n\t\t\t\t\t<\/div>\n\t\t<\/section>\n\t\t\t\t\t<\/div>\n\t\t<\/div>\n\t\t\t\t\t<\/div>\n\t\t<\/section>\n\t\t\t\t<\/div>\n\t\t","protected":false},"excerpt":{"rendered":"<p>Blog M\u00fchendislik AR-GE \u00dcretim Su Parklar\u0131nda G\u00fcvenli\u011fi Nas\u0131l Sa\u011fl\u0131yoruz? Su parklar\u0131nda g\u00fcvenlik, hem ziyaret\u00e7ilerin hem de i\u015fletmecilerin \u00f6ncelikli endi\u015fesidir. Su kayd\u0131raklar\u0131 \u00fcreticileri olarak, g\u00fcvenli\u011fi sa\u011flamak ve su parklar\u0131n\u0131n g\u00fcvenli bir \u015fekilde i\u015fletilmesini desteklemek i\u00e7in \u00e7e\u015fitli stratejiler ve teknolojiler kullan\u0131yoruz. \u00c7ocuk Oyun Alanlar\u0131nda Nelere Dikkat Edilmeli? \u00c7ocuk oyun alanlar\u0131, \u00e7ocuklar\u0131n enerjilerini atmalar\u0131, sosyal becerilerini geli\u015ftirmeleri ve e\u011flenmeleri i\u00e7in \u00f6nemli bir ortamd\u0131r. Ancak, \u00e7ocuklar\u0131n g\u00fcvenli\u011fi ve sa\u011fl\u0131\u011f\u0131 a\u00e7\u0131s\u0131ndan bu alanlar\u0131n do\u011fru \u015fekilde tasarlanmas\u0131 ve bak\u0131m\u0131 b\u00fcy\u00fck \u00f6nem ta\u015f\u0131r. Su Kayd\u0131ra\u011f\u0131 \u00dcretiminde Nelere Dikkat Edilmeli? Su kayd\u0131ra\u011f\u0131 \u00fcretimi, g\u00fcvenlik, dayan\u0131kl\u0131l\u0131k, estetik ve kullan\u0131c\u0131 deneyimi gibi bir\u00e7ok \u00f6nemli fakt\u00f6r\u00fc i\u00e7erir<\/p>\n","protected":false},"author":1,"featured_media":0,"parent":0,"menu_order":0,"comment_status":"closed","ping_status":"closed","template":"elementor_header_footer","meta":{"_eb_attr":"","_themeisle_gutenberg_block_has_review":false,"footnotes":""},"class_list":["post-1698","page","type-page","status-publish","hentry"],"_links":{"self":[{"href":"http:\/\/www.moonlightfiber.com\/index.php?rest_route=\/wp\/v2\/pages\/1698","targetHints":{"allow":["GET"]}}],"collection":[{"href":"http:\/\/www.moonlightfiber.com\/index.php?rest_route=\/wp\/v2\/pages"}],"about":[{"href":"http:\/\/www.moonlightfiber.com\/index.php?rest_route=\/wp\/v2\/types\/page"}],"author":[{"embeddable":true,"href":"http:\/\/www.moonlightfiber.com\/index.php?rest_route=\/wp\/v2\/users\/1"}],"replies":[{"embeddable":true,"href":"http:\/\/www.moonlightfiber.com\/index.php?rest_route=%2Fwp%2Fv2%2Fcomments&post=1698"}],"version-history":[{"count":14,"href":"http:\/\/www.moonlightfiber.com\/index.php?rest_route=\/wp\/v2\/pages\/1698\/revisions"}],"predecessor-version":[{"id":2193,"href":"http:\/\/www.moonlightfiber.com\/index.php?rest_route=\/wp\/v2\/pages\/1698\/revisions\/2193"}],"wp:attachment":[{"href":"http:\/\/www.moonlightfiber.com\/index.php?rest_route=%2Fwp%2Fv2%2Fmedia&parent=1698"}],"curies":[{"name":"wp","href":"https:\/\/api.w.org\/{rel}","templated":true}]}}