{"id":1260,"date":"2024-03-15T13:00:57","date_gmt":"2024-03-15T13:00:57","guid":{"rendered":"https:\/\/www.moonlightfiber.com\/?page_id=1260"},"modified":"2024-03-20T11:43:47","modified_gmt":"2024-03-20T11:43:47","slug":"cocuk-su-parki","status":"publish","type":"page","link":"http:\/\/www.moonlightfiber.com\/?page_id=1260","title":{"rendered":"\u00c7ocuk Su Park\u0131"},"content":{"rendered":"\t\t<div data-elementor-type=\"wp-page\" data-elementor-id=\"1260\" class=\"elementor elementor-1260\" data-elementor-post-type=\"page\">\n\t\t\t\t\t\t<section class=\"elementor-section elementor-top-section elementor-element elementor-element-6f389068 elementor-section-height-min-height elementor-section-boxed elementor-section-height-default elementor-section-items-middle wpr-particle-no wpr-jarallax-no wpr-parallax-no wpr-sticky-section-no\" data-id=\"6f389068\" data-element_type=\"section\" data-settings=\"{&quot;background_background&quot;:&quot;classic&quot;}\">\n\t\t\t\t\t\t\t<div class=\"elementor-background-overlay\"><\/div>\n\t\t\t\t\t\t\t<div class=\"elementor-container elementor-column-gap-default\">\n\t\t\t\t\t<div class=\"elementor-column elementor-col-100 elementor-top-column elementor-element elementor-element-368c2e61\" data-id=\"368c2e61\" data-element_type=\"column\">\n\t\t\t<div class=\"elementor-widget-wrap elementor-element-populated\">\n\t\t\t\t\t\t<section class=\"elementor-section elementor-inner-section elementor-element elementor-element-3132d94a elementor-section-boxed elementor-section-height-default elementor-section-height-default wpr-particle-no wpr-jarallax-no wpr-parallax-no wpr-sticky-section-no\" data-id=\"3132d94a\" data-element_type=\"section\">\n\t\t\t\t\t\t<div class=\"elementor-container elementor-column-gap-default\">\n\t\t\t\t\t<div class=\"elementor-column elementor-col-100 elementor-inner-column elementor-element elementor-element-1009b3c5\" data-id=\"1009b3c5\" data-element_type=\"column\">\n\t\t\t<div class=\"elementor-widget-wrap elementor-element-populated\">\n\t\t\t\t\t\t<div class=\"elementor-element elementor-element-7356c1a2 elementor-widget elementor-widget-elementskit-heading\" data-id=\"7356c1a2\" data-element_type=\"widget\" data-widget_type=\"elementskit-heading.default\">\n\t\t\t\t<div class=\"elementor-widget-container\">\n\t\t\t<div class=\"ekit-wid-con\" ><div class=\"ekit-heading elementskit-section-title-wraper text_center   ekit_heading_tablet-   ekit_heading_mobile-\"><h2 class=\"ekit-heading--title elementskit-section-title \">\u00c7ocuk Su Parklar\u0131<\/h2><\/div><\/div>\t\t<\/div>\n\t\t\t\t<\/div>\n\t\t\t\t\t<\/div>\n\t\t<\/div>\n\t\t\t\t\t<\/div>\n\t\t<\/section>\n\t\t\t\t\t<\/div>\n\t\t<\/div>\n\t\t\t\t\t<\/div>\n\t\t<\/section>\n\t\t\t\t<section class=\"elementor-section elementor-top-section elementor-element elementor-element-2f5633c1 elementor-section-boxed elementor-section-height-default elementor-section-height-default wpr-particle-no wpr-jarallax-no wpr-parallax-no wpr-sticky-section-no\" data-id=\"2f5633c1\" data-element_type=\"section\" data-settings=\"{&quot;background_background&quot;:&quot;classic&quot;}\">\n\t\t\t\t\t\t<div class=\"elementor-container elementor-column-gap-default\">\n\t\t\t\t\t<div class=\"elementor-column elementor-col-100 elementor-top-column elementor-element elementor-element-1ce1acc3\" data-id=\"1ce1acc3\" data-element_type=\"column\">\n\t\t\t<div class=\"elementor-widget-wrap elementor-element-populated\">\n\t\t\t\t\t\t<section class=\"elementor-section elementor-inner-section elementor-element elementor-element-500795d0 elementor-section-boxed elementor-section-height-default elementor-section-height-default wpr-particle-no wpr-jarallax-no wpr-parallax-no wpr-sticky-section-no\" data-id=\"500795d0\" data-element_type=\"section\" data-settings=\"{&quot;background_background&quot;:&quot;classic&quot;}\">\n\t\t\t\t\t\t<div class=\"elementor-container elementor-column-gap-default\">\n\t\t\t\t\t<div class=\"elementor-column elementor-col-33 elementor-inner-column elementor-element elementor-element-474697a2\" data-id=\"474697a2\" data-element_type=\"column\">\n\t\t\t<div class=\"elementor-widget-wrap elementor-element-populated\">\n\t\t\t\t\t\t<div class=\"elementor-element elementor-element-78987517 ekit-equal-height-enable elementor-widget elementor-widget-elementskit-icon-box\" data-id=\"78987517\" data-element_type=\"widget\" data-widget_type=\"elementskit-icon-box.default\">\n\t\t\t\t<div class=\"elementor-widget-container\">\n\t\t\t<div class=\"ekit-wid-con\" >        <!-- link opening -->\n                <a href=\"#\" class=\"ekit_global_links\">\n                <!-- end link opening -->\n\n        <div class=\"elementskit-infobox text-center text- icon-top-align elementor-animation-   \">\n                    <div class=\"elementskit-box-header elementor-animation-\">\n                <div class=\"elementskit-info-box-icon  \">\n                    <i aria-hidden=\"true\" class=\"elementkit-infobox-icon fasicon icon-tools\"><\/i>\n                <\/div>\n          <\/div>\n                        <div class=\"box-body\">\n                            <h3 class=\"elementskit-info-box-title\">\n                    M\u00fchendislik                <\/h3>\n                                            <\/div>\n        \n        \n                <\/div>\n                <\/a>\n        <\/div>\t\t<\/div>\n\t\t\t\t<\/div>\n\t\t\t\t\t<\/div>\n\t\t<\/div>\n\t\t\t\t<div class=\"elementor-column elementor-col-33 elementor-inner-column elementor-element elementor-element-2e090b63\" data-id=\"2e090b63\" data-element_type=\"column\">\n\t\t\t<div class=\"elementor-widget-wrap elementor-element-populated\">\n\t\t\t\t\t\t<div class=\"elementor-element elementor-element-20442e76 ekit-equal-height-enable elementor-widget elementor-widget-elementskit-icon-box\" data-id=\"20442e76\" data-element_type=\"widget\" data-widget_type=\"elementskit-icon-box.default\">\n\t\t\t\t<div class=\"elementor-widget-container\">\n\t\t\t<div class=\"ekit-wid-con\" >        <!-- link opening -->\n                <a href=\"#\" class=\"ekit_global_links\">\n                <!-- end link opening -->\n\n        <div class=\"elementskit-infobox text-center text- icon-top-align elementor-animation-   \">\n                    <div class=\"elementskit-box-header elementor-animation-\">\n                <div class=\"elementskit-info-box-icon  \">\n                    <i aria-hidden=\"true\" class=\"elementkit-infobox-icon icon icon-settings1\"><\/i>\n                <\/div>\n          <\/div>\n                        <div class=\"box-body\">\n                            <h3 class=\"elementskit-info-box-title\">\n                    AR-GE                <\/h3>\n                                            <\/div>\n        \n        \n                <\/div>\n                <\/a>\n        <\/div>\t\t<\/div>\n\t\t\t\t<\/div>\n\t\t\t\t\t<\/div>\n\t\t<\/div>\n\t\t\t\t<div class=\"elementor-column elementor-col-33 elementor-inner-column elementor-element elementor-element-74e336a5\" data-id=\"74e336a5\" data-element_type=\"column\">\n\t\t\t<div class=\"elementor-widget-wrap elementor-element-populated\">\n\t\t\t\t\t\t<div class=\"elementor-element elementor-element-29b9efb5 ekit-equal-height-enable elementor-widget elementor-widget-elementskit-icon-box\" data-id=\"29b9efb5\" data-element_type=\"widget\" data-widget_type=\"elementskit-icon-box.default\">\n\t\t\t\t<div class=\"elementor-widget-container\">\n\t\t\t<div class=\"ekit-wid-con\" >        <!-- link opening -->\n                <a href=\"#\" class=\"ekit_global_links\">\n                <!-- end link opening -->\n\n        <div class=\"elementskit-infobox text-center text- icon-top-align elementor-animation-   \">\n                    <div class=\"elementskit-box-header elementor-animation-\">\n                <div class=\"elementskit-info-box-icon  \">\n                    <i aria-hidden=\"true\" class=\"elementkit-infobox-icon icon icon-factory\"><\/i>\n                <\/div>\n          <\/div>\n                        <div class=\"box-body\">\n                            <h3 class=\"elementskit-info-box-title\">\n                    \u00dcretim                <\/h3>\n                                            <\/div>\n        \n        \n                <\/div>\n                <\/a>\n        <\/div>\t\t<\/div>\n\t\t\t\t<\/div>\n\t\t\t\t\t<\/div>\n\t\t<\/div>\n\t\t\t\t\t<\/div>\n\t\t<\/section>\n\t\t\t\t\t<\/div>\n\t\t<\/div>\n\t\t\t\t\t<\/div>\n\t\t<\/section>\n\t\t\t\t<section class=\"elementor-section elementor-top-section elementor-element elementor-element-f661349 elementor-section-boxed elementor-section-height-default elementor-section-height-default wpr-particle-no wpr-jarallax-no wpr-parallax-no wpr-sticky-section-no\" data-id=\"f661349\" data-element_type=\"section\">\n\t\t\t\t\t\t<div class=\"elementor-container elementor-column-gap-default\">\n\t\t\t\t\t<div class=\"elementor-column elementor-col-100 elementor-top-column elementor-element elementor-element-625b6278\" data-id=\"625b6278\" data-element_type=\"column\">\n\t\t\t<div class=\"elementor-widget-wrap elementor-element-populated\">\n\t\t\t\t\t\t<section class=\"elementor-section elementor-inner-section elementor-element elementor-element-609dfef elementor-section-full_width elementor-section-height-default elementor-section-height-default wpr-particle-no wpr-jarallax-no wpr-parallax-no wpr-sticky-section-no\" data-id=\"609dfef\" data-element_type=\"section\">\n\t\t\t\t\t\t<div class=\"elementor-container elementor-column-gap-no\">\n\t\t\t\t\t<div class=\"elementor-column elementor-col-33 elementor-inner-column elementor-element elementor-element-54783e6b\" data-id=\"54783e6b\" data-element_type=\"column\">\n\t\t\t<div class=\"elementor-widget-wrap elementor-element-populated\">\n\t\t\t\t\t\t<div class=\"elementor-element elementor-element-3328d5e ekit-equal-height-disable elementor-widget elementor-widget-elementskit-image-box\" data-id=\"3328d5e\" data-element_type=\"widget\" data-widget_type=\"elementskit-image-box.default\">\n\t\t\t\t<div class=\"elementor-widget-container\">\n\t\t\t<div class=\"ekit-wid-con\" >\n            <div class=\"elementskit-info-image-box ekit-image-box text-center style-modern\" >\n\n                \n                <div class=\"elementskit-box-header image-box-img-center\">\n\n                    <img fetchpriority=\"high\" decoding=\"async\" width=\"1280\" height=\"960\" src=\"http:\/\/www.moonlightfiber.com\/wp-content\/uploads\/2024\/03\/WhatsApp-Image-2024-03-19-at-12.03.33.jpeg\" class=\"attachment-full size-full wp-image-1856\" alt=\"\" srcset=\"http:\/\/www.moonlightfiber.com\/wp-content\/uploads\/2024\/03\/WhatsApp-Image-2024-03-19-at-12.03.33.jpeg 1280w, http:\/\/www.moonlightfiber.com\/wp-content\/uploads\/2024\/03\/WhatsApp-Image-2024-03-19-at-12.03.33-300x225.jpeg 300w, http:\/\/www.moonlightfiber.com\/wp-content\/uploads\/2024\/03\/WhatsApp-Image-2024-03-19-at-12.03.33-1024x768.jpeg 1024w, http:\/\/www.moonlightfiber.com\/wp-content\/uploads\/2024\/03\/WhatsApp-Image-2024-03-19-at-12.03.33-768x576.jpeg 768w\" sizes=\"(max-width: 1280px) 100vw, 1280px\" \/>\n                <\/div>\n                \n                <div class=\"elementskit-box-body ekit-image-box-body\">\n                    <div class=\"elementskit-box-content ekit-image-box-body-inner\">\n                                                <h3 class=\"elementskit-info-box-title\">\n\n                        Bigger Kids Slide\n                        \n                    <\/h3>\n                                                        <\/div>\n\n                            <\/div>\n            <\/div>\n    <\/div>\t\t<\/div>\n\t\t\t\t<\/div>\n\t\t\t\t\t<\/div>\n\t\t<\/div>\n\t\t\t\t<div class=\"elementor-column elementor-col-33 elementor-inner-column elementor-element elementor-element-587ce111\" data-id=\"587ce111\" data-element_type=\"column\">\n\t\t\t<div class=\"elementor-widget-wrap elementor-element-populated\">\n\t\t\t\t\t\t<div class=\"elementor-element elementor-element-f742849 ekit-equal-height-disable elementor-widget elementor-widget-elementskit-image-box\" data-id=\"f742849\" data-element_type=\"widget\" data-widget_type=\"elementskit-image-box.default\">\n\t\t\t\t<div class=\"elementor-widget-container\">\n\t\t\t<div class=\"ekit-wid-con\" >\n            <div class=\"elementskit-info-image-box ekit-image-box text-center style-modern\" >\n\n                \n                <div class=\"elementskit-box-header image-box-img-center\">\n\n                    <img decoding=\"async\" width=\"702\" height=\"533\" src=\"http:\/\/www.moonlightfiber.com\/wp-content\/uploads\/2024\/03\/Rainbow-slide-e1710577738397.jpg\" class=\"attachment-full size-full wp-image-1248\" alt=\"\" srcset=\"http:\/\/www.moonlightfiber.com\/wp-content\/uploads\/2024\/03\/Rainbow-slide-e1710577738397.jpg 702w, http:\/\/www.moonlightfiber.com\/wp-content\/uploads\/2024\/03\/Rainbow-slide-e1710577738397-300x228.jpg 300w\" sizes=\"(max-width: 702px) 100vw, 702px\" \/>\n                <\/div>\n                \n                <div class=\"elementskit-box-body ekit-image-box-body\">\n                    <div class=\"elementskit-box-content ekit-image-box-body-inner\">\n                                                <h3 class=\"elementskit-info-box-title\">\n\n                        MINI RAINBOW SLIDE\n                        \n                    <\/h3>\n                                                        <\/div>\n\n                            <\/div>\n            <\/div>\n    <\/div>\t\t<\/div>\n\t\t\t\t<\/div>\n\t\t\t\t\t<\/div>\n\t\t<\/div>\n\t\t\t\t<div class=\"elementor-column elementor-col-33 elementor-inner-column elementor-element elementor-element-6006c5f7\" data-id=\"6006c5f7\" data-element_type=\"column\">\n\t\t\t<div class=\"elementor-widget-wrap elementor-element-populated\">\n\t\t\t\t\t\t<div class=\"elementor-element elementor-element-fb0c495 ekit-equal-height-disable elementor-widget elementor-widget-elementskit-image-box\" data-id=\"fb0c495\" data-element_type=\"widget\" data-widget_type=\"elementskit-image-box.default\">\n\t\t\t\t<div class=\"elementor-widget-container\">\n\t\t\t<div class=\"ekit-wid-con\" >\n            <div class=\"elementskit-info-image-box ekit-image-box text-center style-modern\" >\n\n                \n                <div class=\"elementskit-box-header image-box-img-center\">\n\n                    <img decoding=\"async\" width=\"1600\" height=\"1280\" src=\"http:\/\/www.moonlightfiber.com\/wp-content\/uploads\/2024\/03\/BIG-SLIDE.jpg\" class=\"attachment-full size-full wp-image-1242\" alt=\"\" srcset=\"http:\/\/www.moonlightfiber.com\/wp-content\/uploads\/2024\/03\/BIG-SLIDE.jpg 1600w, http:\/\/www.moonlightfiber.com\/wp-content\/uploads\/2024\/03\/BIG-SLIDE-300x240.jpg 300w, http:\/\/www.moonlightfiber.com\/wp-content\/uploads\/2024\/03\/BIG-SLIDE-1024x819.jpg 1024w, http:\/\/www.moonlightfiber.com\/wp-content\/uploads\/2024\/03\/BIG-SLIDE-768x614.jpg 768w, http:\/\/www.moonlightfiber.com\/wp-content\/uploads\/2024\/03\/BIG-SLIDE-1536x1229.jpg 1536w\" sizes=\"(max-width: 1600px) 100vw, 1600px\" \/>\n                <\/div>\n                \n                <div class=\"elementskit-box-body ekit-image-box-body\">\n                    <div class=\"elementskit-box-content ekit-image-box-body-inner\">\n                                                <h3 class=\"elementskit-info-box-title\">\n\n                        BIG SLIDE\n                        \n                    <\/h3>\n                                                        <\/div>\n\n                            <\/div>\n            <\/div>\n    <\/div>\t\t<\/div>\n\t\t\t\t<\/div>\n\t\t\t\t\t<\/div>\n\t\t<\/div>\n\t\t\t\t\t<\/div>\n\t\t<\/section>\n\t\t\t\t<section class=\"elementor-section elementor-inner-section elementor-element elementor-element-a054292 elementor-section-full_width elementor-section-height-default elementor-section-height-default wpr-particle-no wpr-jarallax-no wpr-parallax-no wpr-sticky-section-no\" data-id=\"a054292\" data-element_type=\"section\">\n\t\t\t\t\t\t<div class=\"elementor-container elementor-column-gap-no\">\n\t\t\t\t\t<div class=\"elementor-column elementor-col-33 elementor-inner-column elementor-element elementor-element-b513dbb\" data-id=\"b513dbb\" data-element_type=\"column\">\n\t\t\t<div class=\"elementor-widget-wrap elementor-element-populated\">\n\t\t\t\t\t\t<div class=\"elementor-element elementor-element-892219e ekit-equal-height-disable elementor-widget elementor-widget-elementskit-image-box\" data-id=\"892219e\" data-element_type=\"widget\" data-widget_type=\"elementskit-image-box.default\">\n\t\t\t\t<div class=\"elementor-widget-container\">\n\t\t\t<div class=\"ekit-wid-con\" >\n            <div class=\"elementskit-info-image-box ekit-image-box text-center style-modern\" >\n\n                \n                <div class=\"elementskit-box-header image-box-img-center\">\n\n                    <img loading=\"lazy\" decoding=\"async\" width=\"960\" height=\"740\" src=\"http:\/\/www.moonlightfiber.com\/wp-content\/uploads\/2024\/03\/IMG_2726-e1710508550174.jpg\" class=\"attachment-full size-full wp-image-1267\" alt=\"\" srcset=\"http:\/\/www.moonlightfiber.com\/wp-content\/uploads\/2024\/03\/IMG_2726-e1710508550174.jpg 960w, http:\/\/www.moonlightfiber.com\/wp-content\/uploads\/2024\/03\/IMG_2726-e1710508550174-300x231.jpg 300w, http:\/\/www.moonlightfiber.com\/wp-content\/uploads\/2024\/03\/IMG_2726-e1710508550174-768x592.jpg 768w\" sizes=\"(max-width: 960px) 100vw, 960px\" \/>\n                <\/div>\n                \n                <div class=\"elementskit-box-body ekit-image-box-body\">\n                    <div class=\"elementskit-box-content ekit-image-box-body-inner\">\n                                                <h3 class=\"elementskit-info-box-title\">\n\n                        DOLPHIN FOUNTAIN\n                        \n                    <\/h3>\n                                                        <\/div>\n\n                            <\/div>\n            <\/div>\n    <\/div>\t\t<\/div>\n\t\t\t\t<\/div>\n\t\t\t\t\t<\/div>\n\t\t<\/div>\n\t\t\t\t<div class=\"elementor-column elementor-col-33 elementor-inner-column elementor-element elementor-element-a462e1a\" data-id=\"a462e1a\" data-element_type=\"column\">\n\t\t\t<div class=\"elementor-widget-wrap elementor-element-populated\">\n\t\t\t\t\t\t<div class=\"elementor-element elementor-element-1ae5612 ekit-equal-height-disable elementor-widget elementor-widget-elementskit-image-box\" data-id=\"1ae5612\" data-element_type=\"widget\" data-widget_type=\"elementskit-image-box.default\">\n\t\t\t\t<div class=\"elementor-widget-container\">\n\t\t\t<div class=\"ekit-wid-con\" >\n            <div class=\"elementskit-info-image-box ekit-image-box text-center style-modern\" >\n\n                \n                <div class=\"elementskit-box-header image-box-img-center\">\n\n                    <img loading=\"lazy\" decoding=\"async\" width=\"4032\" height=\"3024\" src=\"http:\/\/www.moonlightfiber.com\/wp-content\/uploads\/2024\/03\/IMG_3501-1.png\" class=\"attachment-full size-full wp-image-1275\" alt=\"\" srcset=\"http:\/\/www.moonlightfiber.com\/wp-content\/uploads\/2024\/03\/IMG_3501-1.png 4032w, http:\/\/www.moonlightfiber.com\/wp-content\/uploads\/2024\/03\/IMG_3501-1-300x225.png 300w, http:\/\/www.moonlightfiber.com\/wp-content\/uploads\/2024\/03\/IMG_3501-1-1024x768.png 1024w, http:\/\/www.moonlightfiber.com\/wp-content\/uploads\/2024\/03\/IMG_3501-1-768x576.png 768w, http:\/\/www.moonlightfiber.com\/wp-content\/uploads\/2024\/03\/IMG_3501-1-1536x1152.png 1536w, http:\/\/www.moonlightfiber.com\/wp-content\/uploads\/2024\/03\/IMG_3501-1-2048x1536.png 2048w\" sizes=\"(max-width: 4032px) 100vw, 4032px\" \/>\n                <\/div>\n                \n                <div class=\"elementskit-box-body ekit-image-box-body\">\n                    <div class=\"elementskit-box-content ekit-image-box-body-inner\">\n                                                <h3 class=\"elementskit-info-box-title\">\n\n                        MINI SLIDE\n                        \n                    <\/h3>\n                                                        <\/div>\n\n                            <\/div>\n            <\/div>\n    <\/div>\t\t<\/div>\n\t\t\t\t<\/div>\n\t\t\t\t\t<\/div>\n\t\t<\/div>\n\t\t\t\t<div class=\"elementor-column elementor-col-33 elementor-inner-column elementor-element elementor-element-04b46a8\" data-id=\"04b46a8\" data-element_type=\"column\">\n\t\t\t<div class=\"elementor-widget-wrap elementor-element-populated\">\n\t\t\t\t\t\t<div class=\"elementor-element elementor-element-0dbf43b ekit-equal-height-disable elementor-widget elementor-widget-elementskit-image-box\" data-id=\"0dbf43b\" data-element_type=\"widget\" data-widget_type=\"elementskit-image-box.default\">\n\t\t\t\t<div class=\"elementor-widget-container\">\n\t\t\t<div class=\"ekit-wid-con\" >\n            <div class=\"elementskit-info-image-box ekit-image-box text-center style-modern\" >\n\n                \n                <div class=\"elementskit-box-header image-box-img-center\">\n\n                    <img loading=\"lazy\" decoding=\"async\" width=\"960\" height=\"680\" src=\"http:\/\/www.moonlightfiber.com\/wp-content\/uploads\/2024\/03\/IMG_4524-e1710508506193.jpg\" class=\"attachment-full size-full wp-image-1266\" alt=\"\" srcset=\"http:\/\/www.moonlightfiber.com\/wp-content\/uploads\/2024\/03\/IMG_4524-e1710508506193.jpg 960w, http:\/\/www.moonlightfiber.com\/wp-content\/uploads\/2024\/03\/IMG_4524-e1710508506193-300x213.jpg 300w, http:\/\/www.moonlightfiber.com\/wp-content\/uploads\/2024\/03\/IMG_4524-e1710508506193-768x544.jpg 768w\" sizes=\"(max-width: 960px) 100vw, 960px\" \/>\n                <\/div>\n                \n                <div class=\"elementskit-box-body ekit-image-box-body\">\n                    <div class=\"elementskit-box-content ekit-image-box-body-inner\">\n                                                <h3 class=\"elementskit-info-box-title\">\n\n                        ELEPHANT SLIDE\n                        \n                    <\/h3>\n                                                        <\/div>\n\n                            <\/div>\n            <\/div>\n    <\/div>\t\t<\/div>\n\t\t\t\t<\/div>\n\t\t\t\t\t<\/div>\n\t\t<\/div>\n\t\t\t\t\t<\/div>\n\t\t<\/section>\n\t\t\t\t\t<\/div>\n\t\t<\/div>\n\t\t\t\t\t<\/div>\n\t\t<\/section>\n\t\t\t\t<\/div>\n\t\t","protected":false},"excerpt":{"rendered":"<p>\u00c7ocuk Su Parklar\u0131 M\u00fchendislik AR-GE \u00dcretim Bigger Kids Slide MINI RAINBOW SLIDE BIG SLIDE DOLPHIN FOUNTAIN MINI SLIDE ELEPHANT SLIDE<\/p>\n","protected":false},"author":1,"featured_media":0,"parent":0,"menu_order":0,"comment_status":"closed","ping_status":"closed","template":"elementor_header_footer","meta":{"_eb_attr":"","_themeisle_gutenberg_block_has_review":false,"footnotes":""},"class_list":["post-1260","page","type-page","status-publish","hentry"],"_links":{"self":[{"href":"http:\/\/www.moonlightfiber.com\/index.php?rest_route=\/wp\/v2\/pages\/1260","targetHints":{"allow":["GET"]}}],"collection":[{"href":"http:\/\/www.moonlightfiber.com\/index.php?rest_route=\/wp\/v2\/pages"}],"about":[{"href":"http:\/\/www.moonlightfiber.com\/index.php?rest_route=\/wp\/v2\/types\/page"}],"author":[{"embeddable":true,"href":"http:\/\/www.moonlightfiber.com\/index.php?rest_route=\/wp\/v2\/users\/1"}],"replies":[{"embeddable":true,"href":"http:\/\/www.moonlightfiber.com\/index.php?rest_route=%2Fwp%2Fv2%2Fcomments&post=1260"}],"version-history":[{"count":29,"href":"http:\/\/www.moonlightfiber.com\/index.php?rest_route=\/wp\/v2\/pages\/1260\/revisions"}],"predecessor-version":[{"id":1993,"href":"http:\/\/www.moonlightfiber.com\/index.php?rest_route=\/wp\/v2\/pages\/1260\/revisions\/1993"}],"wp:attachment":[{"href":"http:\/\/www.moonlightfiber.com\/index.php?rest_route=%2Fwp%2Fv2%2Fmedia&parent=1260"}],"curies":[{"name":"wp","href":"https:\/\/api.w.org\/{rel}","templated":true}]}}